{"id":9,"date":"2019-04-09T15:52:15","date_gmt":"2019-04-09T13:52:15","guid":{"rendered":"http:\/\/rediwines.wwwprojekt.pl\/cookie-policy\/"},"modified":"2022-02-16T22:01:52","modified_gmt":"2022-02-16T21:01:52","slug":"cookie","status":"publish","type":"page","link":"https:\/\/group.columbusenergy.com\/en\/cookie\/","title":{"rendered":"Cookie"},"content":{"rendered":"<p>Dla wygody U\u017cytkownika serwis http:\/\/<a href=\"http:\/\/corpo.columbusenergy.pl\/\">http:\/\/corpo.columbusenergy.pl\/<\/a>\/ korzysta z plik\u00f3w cookies.<br \/>\nCzy wiesz, \u017ce:<\/p>\n<p>1. Pliki cookies (tzw. \u201eciasteczka\u201d) stanowi\u0105 dane informatyczne, w szczeg\u00f3lno\u015bci pliki tekstowe, kt\u00f3re przechowywane s\u0105 w urz\u0105dzeniu ko\u0144cowym U\u017cytkownika Serwisu i przeznaczone s\u0105 do korzystania ze stron internetowych Serwisu.<br \/>\nPliki tego rodzaju zazwyczaj zawieraj\u0105 nazw\u0119 strony internetowej, z kt\u00f3rej pochodz\u0105, czas przechowywania ich na urz\u0105dzeniu ko\u0144cowym oraz unikalny numer.<br \/>\nPodmiotem zamieszczaj\u0105cym na urz\u0105dzeniu ko\u0144cowym U\u017cytkownika Serwisu pliki cookies oraz uzyskuj\u0105cym do nich dost\u0119p jest operator Serwisu lub podmioty z nim wsp\u00f3\u0142pracuj\u0105ce.<\/p>\n<p>2. Pliki cookies wykorzystywane s\u0105 w nast\u0119puj\u0105cych celach:<br \/>\no tworzenia statystyk, kt\u00f3re pomagaj\u0105 zrozumie\u0107, w jaki spos\u00f3b U\u017cytkownicy Serwisu korzystaj\u0105 ze stron internetowych, co umo\u017cliwia ulepszanie ich struktury i zawarto\u015bci;<br \/>\no utrzymanie sesji U\u017cytkownika Serwisu (po zalogowaniu), dzi\u0119ki kt\u00f3rej U\u017cytkownik nie musi na ka\u017cdej podstronie Serwisu ponownie wpisywa\u0107 loginu i has\u0142a;<br \/>\nW ramach Serwisu stosowane s\u0105 dwa zasadnicze rodzaje plik\u00f3w cookies: \u201esesyjne\u201d (session cookies) oraz \u201esta\u0142e\u201d (persistent cookies).<\/p>\n<p>Ciasteczka \u201esesyjne\u201d<br \/>\nS\u0105 plikami tymczasowymi, kt\u00f3re przechowywane s\u0105 w urz\u0105dzeniu ko\u0144cowym U\u017cytkownika do czasu wylogowania, opuszczenia strony internetowej lub wy\u0142\u0105czenia oprogramowania (przegl\u0105darki internetowej)<\/p>\n<p>Ciasteczka \u201esta\u0142e\u201d<br \/>\nS\u0105 plikami przechowywanymi w urz\u0105dzeniu ko\u0144cowym U\u017cytkownika przez czas okre\u015blony w parametrach plik\u00f3w cookies lub do czasu ich usuni\u0119cia przez U\u017cytkownika<\/p>\n<p>Pami\u0119taj, \u017ce:<br \/>\n1. Oprogramowanie do przegl\u0105dania stron internetowych (przegl\u0105darka internetowa) zazwyczaj domy\u015blnie dopuszcza przechowywanie plik\u00f3w cookies w urz\u0105dzeniu ko\u0144cowym U\u017cytkownika.<br \/>\n2. U\u017cytkownicy Serwisu mog\u0105 dokona\u0107 zmiany ustawie\u0144 w tym zakresie.<br \/>\n3. Przegl\u0105darka internetowa umo\u017cliwia usuni\u0119cie plik\u00f3w cookies. Mo\u017cliwe jest tak\u017ce automatyczne blokowanie plik\u00f3w cookies Szczeg\u00f3\u0142owe informacje na ten temat zawiera dzia\u0142 poni\u017cej lub dokumentacja przegl\u0105darki internetowej.<br \/>\n4. Ograniczenia stosowania plik\u00f3w cookies mog\u0105 wp\u0142yn\u0105\u0107 na niekt\u00f3re funkcjonalno\u015bci dost\u0119pne na stronach internetowych Serwisu.<br \/>\n5. Pliki cookies zamieszczane w urz\u0105dzeniu ko\u0144cowym U\u017cytkownika Serwisu i wykorzystywane mog\u0105 by\u0107 r\u00f3wnie\u017c przez wsp\u00f3\u0142pracuj\u0105cych z operatorem Serwisu reklamodawc\u00f3w oraz partner\u00f3w.<br \/>\nZalecamy przeczytanie polityki ochrony prywatno\u015bci tych firm, aby pozna\u0107 zasady korzystania z plik\u00f3w cookies wykorzystywane w statystykach: Polityka ochrony prywatno\u015bci Google Analytics.<\/p>\n<p>Wa\u017cne dla Ciebie:<br \/>\n1. Pliki cookies mog\u0105 by\u0107 wykorzystane przez sieci reklamowe, w szczeg\u00f3lno\u015bci sie\u0107 Google, do wy\u015bwietlenia reklam dopasowanych do sposobu, w jaki u\u017cytkownik korzysta z Serwisu.<br \/>\n2. W tym celu mog\u0105 zachowa\u0107 informacj\u0119 o \u015bcie\u017cce nawigacji u\u017cytkownika lub czasie pozostawania na danej stronie.<br \/>\n3. W zakresie informacji o preferencjach u\u017cytkownika gromadzonych przez sie\u0107 reklamow\u0105 Google u\u017cytkownik mo\u017ce przegl\u0105da\u0107 i edytowa\u0107 informacje wynikaj\u0105ce z plik\u00f3w cookies przy pomocy narz\u0119dzia: https:\/\/www.google.com\/ads\/preferences\/<\/p>\n<p>Jak wy\u0142\u0105czy\u0107 ciasteczka?<br \/>\n1. Serwis http:\/\/corpo.columbusenergy.pl\/ korzysta z ciasteczek. Je\u015bli u\u017cytkownik nie chce pobiera\u0107 tych plik\u00f3w , musi zmieni\u0107 ustawienia przegl\u0105darki (informacje poni\u017cej).<br \/>\n2. Wi\u0119kszo\u015b\u0107 przegl\u0105darek automatycznie zezwala na ciasteczka, mo\u017cna jednak \u0142atwo zmieni\u0107 ustawienia przegl\u0105darki.<br \/>\n3. Je\u015bli u\u017cytkownik nie chce otrzymywa\u0107 plik\u00f3w cookies, musi zmieni\u0107 ustawienia przegl\u0105darki.<br \/>\n4. Zastrzegamy, \u017ce wy\u0142\u0105czenie obs\u0142ugi plik\u00f3w cookies niezb\u0119dnych dla proces\u00f3w uwierzytelniania, bezpiecze\u0144stwa, utrzymania preferencji u\u017cytkownika mo\u017ce utrudni\u0107, a w skrajnych przypadkach uniemo\u017cliwi\u0107 korzystanie z serwisu.<br \/>\nA jak zarz\u0105dza ustawieniami cookies?<br \/>\nW celu zarz\u0105dzania ustawieniami cookies wybierz z listy poni\u017cej przegl\u0105dark\u0119 internetow\u0105\/ system i post\u0119puj zgodnie z instrukcjami:<\/p>\n<p>IE<br \/>\nW g\u0142\u00f3wnym oknie aplikacji wybieramy kolejno Narz\u0119dzia&gt; Opcje internetowe&gt; Prywatno\u015b\u0107 W obszarze Ustawienia przesuwamy suwak maksymalnie w g\u00f3r\u0119. W ten spos\u00f3b zablokujemy wszystkie pliki cookies. Klikamy na przycisk OK.<\/p>\n<p>Chrome<br \/>\nW g\u0142\u00f3wnym oknie przegl\u0105darki (prawy g\u00f3rny r\u00f3g) klikamy na ikon\u0119 Ustawienia Google Chrome.<br \/>\nWybieramy zak\u0142adk\u0119 Ustawienia&gt; Poka\u017c ustawienia zaawansowane W sekcji Prywatno\u015b\u0107&gt; Ustawienia tre\u015bci W opcji Pliki cookies zaznaczamy pozycj\u0119 \u201cZablokuj pliki cookies i dane z witryn innych firm\u201d Wybieramy przycisk Gotowe.<\/p>\n<p>Firefox<br \/>\nW g\u0142\u00f3wnym oknie programu klikamy na Narz\u0119dzia&gt; Opcje&gt; Prywatno\u015b\u0107 Wybieramy opcj\u0119 \u201cProgram Firefox b\u0119dzie u\u017cywa\u0142 ustawie\u0144 u\u017cytkownika\u201d, pozycja pierwsza \u201cZawsze u\u017cywaj trybu prywatnego\u201d oraz pozycja ostatnia \u201cAkceptuj ciasteczka\u201d musz\u0105 by\u0107 odznaczone (tj. obok nich musi by\u0107 pusty kwadracik) W obszarze Ustawienia przesuwamy suwak maksymalnie w g\u00f3r\u0119. W ten spos\u00f3b zablokujemy wszystkie pliki cookies. Klikamy na przycisk OK.<\/p>\n<p>Safari<br \/>\nW menu rozwijanym Safari trzeba wybra\u0107 Preferencje&gt; Bezpiecze\u0144stwo Tu wybiera si\u0119 poziom bezpiecze\u0144stwa w obszarze \u201cAkceptuj pliki cookies\u201d<\/p>\n<p>Opera<br \/>\nMenu przegl\u0105darki: Narz\u0119dzie&gt; Preferencje&gt; Zaawansowane&gt; Ciasteczka Zaznaczamy opcj\u0119 \u201cNigdy nie akceptuj ciasteczek\u201d Klikamy OK<\/p>\n","protected":false},"excerpt":{"rendered":"Dla wygody U\u017cytkownika serwis http:\/\/http:\/\/corpo.columbusenergy.pl\/\/ korzysta z plik\u00f3w cookies. Czy wiesz, \u017ce: 1. Pliki cookies&#8230;","protected":false},"author":2,"featured_media":0,"parent":0,"menu_order":0,"comment_status":"closed","ping_status":"closed","template":"","meta":{"inline_featured_image":false},"acf":[],"yoast_head":"<!-- This site is optimized with the Yoast SEO plugin v18.1 - https:\/\/yoast.com\/wordpress\/plugins\/seo\/ -->\n<meta name=\"robots\" content=\"noindex, follow, max-snippet:-1, max-image-preview:large, max-video-preview:-1\" \/>\n<meta property=\"og:locale\" content=\"en_US\" \/>\n<meta property=\"og:type\" content=\"article\" \/>\n<meta property=\"og:title\" content=\"Cookie - Columbus\" \/>\n<meta property=\"og:description\" content=\"Dla wygody U\u017cytkownika serwis http:\/\/http:\/\/corpo.columbusenergy.pl\/\/ korzysta z plik\u00f3w cookies. Czy wiesz, \u017ce: 1. Pliki cookies...\" \/>\n<meta property=\"og:url\" content=\"https:\/\/group.columbusenergy.com\/en\/cookie\/\" \/>\n<meta property=\"og:site_name\" content=\"Columbus\" \/>\n<meta property=\"article:modified_time\" content=\"2022-02-16T21:01:52+00:00\" \/>\n<meta name=\"twitter:card\" content=\"summary_large_image\" \/>\n<meta name=\"twitter:label1\" content=\"Est. reading time\" \/>\n\t<meta name=\"twitter:data1\" content=\"4 minutes\" \/>\n<script type=\"application\/ld+json\" class=\"yoast-schema-graph\">{\"@context\":\"https:\/\/schema.org\",\"@graph\":[{\"@type\":\"WebSite\",\"@id\":\"https:\/\/group.columbusenergy.com\/en\/#website\",\"url\":\"https:\/\/group.columbusenergy.com\/en\/\",\"name\":\"Columbus\",\"description\":\"Strona korporacyjna\",\"potentialAction\":[{\"@type\":\"SearchAction\",\"target\":{\"@type\":\"EntryPoint\",\"urlTemplate\":\"https:\/\/group.columbusenergy.com\/en\/?s={search_term_string}\"},\"query-input\":\"required name=search_term_string\"}],\"inLanguage\":\"en-US\"},{\"@type\":\"WebPage\",\"@id\":\"https:\/\/group.columbusenergy.com\/en\/cookie\/#webpage\",\"url\":\"https:\/\/group.columbusenergy.com\/en\/cookie\/\",\"name\":\"Cookie - Columbus\",\"isPartOf\":{\"@id\":\"https:\/\/group.columbusenergy.com\/en\/#website\"},\"datePublished\":\"2019-04-09T13:52:15+00:00\",\"dateModified\":\"2022-02-16T21:01:52+00:00\",\"breadcrumb\":{\"@id\":\"https:\/\/group.columbusenergy.com\/en\/cookie\/#breadcrumb\"},\"inLanguage\":\"en-US\",\"potentialAction\":[{\"@type\":\"ReadAction\",\"target\":[\"https:\/\/group.columbusenergy.com\/en\/cookie\/\"]}]},{\"@type\":\"BreadcrumbList\",\"@id\":\"https:\/\/group.columbusenergy.com\/en\/cookie\/#breadcrumb\",\"itemListElement\":[{\"@type\":\"ListItem\",\"position\":1,\"name\":\"Cookie\"}]}]}<\/script>\n<!-- \/ Yoast SEO plugin. -->","yoast_head_json":{"robots":{"index":"noindex","follow":"follow","max-snippet":"max-snippet:-1","max-image-preview":"max-image-preview:large","max-video-preview":"max-video-preview:-1"},"og_locale":"en_US","og_type":"article","og_title":"Cookie - Columbus","og_description":"Dla wygody U\u017cytkownika serwis http:\/\/http:\/\/corpo.columbusenergy.pl\/\/ korzysta z plik\u00f3w cookies. Czy wiesz, \u017ce: 1. Pliki cookies...","og_url":"https:\/\/group.columbusenergy.com\/en\/cookie\/","og_site_name":"Columbus","article_modified_time":"2022-02-16T21:01:52+00:00","twitter_card":"summary_large_image","twitter_misc":{"Est. reading time":"4 minutes"},"schema":{"@context":"https:\/\/schema.org","@graph":[{"@type":"WebSite","@id":"https:\/\/group.columbusenergy.com\/en\/#website","url":"https:\/\/group.columbusenergy.com\/en\/","name":"Columbus","description":"Strona korporacyjna","potentialAction":[{"@type":"SearchAction","target":{"@type":"EntryPoint","urlTemplate":"https:\/\/group.columbusenergy.com\/en\/?s={search_term_string}"},"query-input":"required name=search_term_string"}],"inLanguage":"en-US"},{"@type":"WebPage","@id":"https:\/\/group.columbusenergy.com\/en\/cookie\/#webpage","url":"https:\/\/group.columbusenergy.com\/en\/cookie\/","name":"Cookie - Columbus","isPartOf":{"@id":"https:\/\/group.columbusenergy.com\/en\/#website"},"datePublished":"2019-04-09T13:52:15+00:00","dateModified":"2022-02-16T21:01:52+00:00","breadcrumb":{"@id":"https:\/\/group.columbusenergy.com\/en\/cookie\/#breadcrumb"},"inLanguage":"en-US","potentialAction":[{"@type":"ReadAction","target":["https:\/\/group.columbusenergy.com\/en\/cookie\/"]}]},{"@type":"BreadcrumbList","@id":"https:\/\/group.columbusenergy.com\/en\/cookie\/#breadcrumb","itemListElement":[{"@type":"ListItem","position":1,"name":"Cookie"}]}]}},"_links":{"self":[{"href":"https:\/\/group.columbusenergy.com\/en\/wp-json\/wp\/v2\/pages\/9"}],"collection":[{"href":"https:\/\/group.columbusenergy.com\/en\/wp-json\/wp\/v2\/pages"}],"about":[{"href":"https:\/\/group.columbusenergy.com\/en\/wp-json\/wp\/v2\/types\/page"}],"author":[{"embeddable":true,"href":"https:\/\/group.columbusenergy.com\/en\/wp-json\/wp\/v2\/users\/2"}],"replies":[{"embeddable":true,"href":"https:\/\/group.columbusenergy.com\/en\/wp-json\/wp\/v2\/comments?post=9"}],"version-history":[{"count":10,"href":"https:\/\/group.columbusenergy.com\/en\/wp-json\/wp\/v2\/pages\/9\/revisions"}],"predecessor-version":[{"id":117,"href":"https:\/\/group.columbusenergy.com\/en\/wp-json\/wp\/v2\/pages\/9\/revisions\/117"}],"wp:attachment":[{"href":"https:\/\/group.columbusenergy.com\/en\/wp-json\/wp\/v2\/media?parent=9"}],"curies":[{"name":"wp","href":"https:\/\/api.w.org\/{rel}","templated":true}]}}